{"id":2567,"date":"2019-04-08T00:12:39","date_gmt":"2019-04-07T23:12:39","guid":{"rendered":"https:\/\/digitalazul.pt\/voice-bank-page\/"},"modified":"2021-12-22T10:44:55","modified_gmt":"2021-12-22T10:44:55","slug":"banco-de-voz","status":"publish","type":"page","link":"https:\/\/digitalazul.pt\/pt-pt\/sound-studios\/banco-de-voz\/","title":{"rendered":"Banco de Voz"},"content":{"rendered":"\t\t<div data-elementor-type=\"wp-post\" data-elementor-id=\"2567\" class=\"elementor elementor-2567 elementor-2554 elementor-bc-flex-widget\" data-elementor-post-type=\"page\">\n\t\t\t\t\t\t<section class=\"elementor-section elementor-top-section elementor-element elementor-element-2dc2b02 elementor-section-boxed elementor-section-height-default elementor-section-height-default\" data-id=\"2dc2b02\" data-element_type=\"section\" data-settings=\"{&quot;background_background&quot;:&quot;classic&quot;,&quot;jet_parallax_layout_list&quot;:[]}\">\n\t\t\t\t\t\t<div class=\"elementor-container elementor-column-gap-default\">\n\t\t\t\t\t<div class=\"elementor-column elementor-col-100 elementor-top-column elementor-element elementor-element-b7cb26d\" data-id=\"b7cb26d\" data-element_type=\"column\">\n\t\t\t<div class=\"elementor-widget-wrap elementor-element-populated\">\n\t\t\t\t\t\t<div class=\"elementor-element elementor-element-b260b43 elementor-widget elementor-widget-spacer\" data-id=\"b260b43\" data-element_type=\"widget\" data-widget_type=\"spacer.default\">\n\t\t\t\t<div class=\"elementor-widget-container\">\n\t\t\t\t\t\t\t<div class=\"elementor-spacer\">\n\t\t\t<div class=\"elementor-spacer-inner\"><\/div>\n\t\t<\/div>\n\t\t\t\t\t\t<\/div>\n\t\t\t\t<\/div>\n\t\t\t\t<section class=\"elementor-section elementor-inner-section elementor-element elementor-element-d2b9b06 elementor-section-boxed elementor-section-height-default elementor-section-height-default\" data-id=\"d2b9b06\" data-element_type=\"section\" data-settings=\"{&quot;jet_parallax_layout_list&quot;:[]}\">\n\t\t\t\t\t\t<div class=\"elementor-container elementor-column-gap-default\">\n\t\t\t\t\t<div class=\"elementor-column elementor-col-50 elementor-inner-column elementor-element elementor-element-abaae36\" data-id=\"abaae36\" data-element_type=\"column\">\n\t\t\t<div class=\"elementor-widget-wrap\">\n\t\t\t\t\t\t\t<\/div>\n\t\t<\/div>\n\t\t\t\t<div class=\"elementor-column elementor-col-50 elementor-inner-column elementor-element elementor-element-98b7867\" data-id=\"98b7867\" data-element_type=\"column\">\n\t\t\t<div class=\"elementor-widget-wrap elementor-element-populated\">\n\t\t\t\t\t\t<div class=\"elementor-element elementor-element-2ae7e90 elementor-widget elementor-widget-text-editor\" data-id=\"2ae7e90\" data-element_type=\"widget\" data-widget_type=\"text-editor.default\">\n\t\t\t\t<div class=\"elementor-widget-container\">\n\t\t\t\t\t\t\t\t\t<h2><span style=\"color: #ffffff;\"><span lang=\"PT\">Damos voz \u00e0 sua mensagem e gravamo-la no tom certo<\/span><\/span><\/h2>\t\t\t\t\t\t\t\t<\/div>\n\t\t\t\t<\/div>\n\t\t\t\t\t<\/div>\n\t\t<\/div>\n\t\t\t\t\t<\/div>\n\t\t<\/section>\n\t\t\t\t<div class=\"elementor-element elementor-element-d1ccc04 elementor-widget elementor-widget-spacer\" data-id=\"d1ccc04\" data-element_type=\"widget\" data-widget_type=\"spacer.default\">\n\t\t\t\t<div class=\"elementor-widget-container\">\n\t\t\t\t\t\t\t<div class=\"elementor-spacer\">\n\t\t\t<div class=\"elementor-spacer-inner\"><\/div>\n\t\t<\/div>\n\t\t\t\t\t\t<\/div>\n\t\t\t\t<\/div>\n\t\t\t\t\t<\/div>\n\t\t<\/div>\n\t\t\t\t\t<\/div>\n\t\t<\/section>\n\t\t\t\t<section class=\"elementor-section elementor-top-section elementor-element elementor-element-0078dea elementor-section-boxed elementor-section-height-default elementor-section-height-default\" data-id=\"0078dea\" data-element_type=\"section\" data-settings=\"{&quot;jet_parallax_layout_list&quot;:[]}\">\n\t\t\t\t\t\t<div class=\"elementor-container elementor-column-gap-default\">\n\t\t\t\t\t<div class=\"elementor-column elementor-col-50 elementor-top-column elementor-element elementor-element-c1834ba\" data-id=\"c1834ba\" data-element_type=\"column\">\n\t\t\t<div class=\"elementor-widget-wrap elementor-element-populated\">\n\t\t\t\t\t\t<div class=\"elementor-element elementor-element-e0b6286 elementor-widget elementor-widget-heading\" data-id=\"e0b6286\" data-element_type=\"widget\" data-widget_type=\"heading.default\">\n\t\t\t\t<div class=\"elementor-widget-container\">\n\t\t\t\t\t<h2 class=\"elementor-heading-title elementor-size-default\">Banco de Voz<\/h2>\t\t\t\t<\/div>\n\t\t\t\t<\/div>\n\t\t\t\t<div class=\"elementor-element elementor-element-e66338f elementor-widget elementor-widget-spacer\" data-id=\"e66338f\" data-element_type=\"widget\" data-widget_type=\"spacer.default\">\n\t\t\t\t<div class=\"elementor-widget-container\">\n\t\t\t\t\t\t\t<div class=\"elementor-spacer\">\n\t\t\t<div class=\"elementor-spacer-inner\"><\/div>\n\t\t<\/div>\n\t\t\t\t\t\t<\/div>\n\t\t\t\t<\/div>\n\t\t\t\t<div class=\"elementor-element elementor-element-70ead9f elementor-widget elementor-widget-text-editor\" data-id=\"70ead9f\" data-element_type=\"widget\" data-widget_type=\"text-editor.default\">\n\t\t\t\t<div class=\"elementor-widget-container\">\n\t\t\t\t\t\t\t\t\t<p>Qualquer registo de voz deve ter a frequ\u00eancia, a intensidade e o timbre que reflictam a personalidade das palavras e o potencial interpretativo da mensagem.<\/p><p>O Voice Bank da Digital Azul re\u00fane numa s\u00f3 aplica\u00e7\u00e3o dezenas de vozes, actualizadas regularmente, conjugadas com diferentes tipos de mensagens e interpreta\u00e7\u00f5es.\u00a0<\/p><p>Pode pesquisar, no painel \u00e0 direita, os registos de voz por g\u00e9nero, idade, idioma e tom, seleccionar os mais adequados aos seus diferentes projectos e submeter-nos o pedido.\u00a0<\/p><p>A Digital Azul trabalha apenas com locutores profissionais e disp\u00f5e de est\u00fadios e profissionais de som que garantem a melhor qualidade t\u00e9cnica.<\/p>\t\t\t\t\t\t\t\t<\/div>\n\t\t\t\t<\/div>\n\t\t\t\t<div class=\"elementor-element elementor-element-a8a91b0 elementor-widget elementor-widget-spacer\" data-id=\"a8a91b0\" data-element_type=\"widget\" data-widget_type=\"spacer.default\">\n\t\t\t\t<div class=\"elementor-widget-container\">\n\t\t\t\t\t\t\t<div class=\"elementor-spacer\">\n\t\t\t<div class=\"elementor-spacer-inner\"><\/div>\n\t\t<\/div>\n\t\t\t\t\t\t<\/div>\n\t\t\t\t<\/div>\n\t\t\t\t<div class=\"elementor-element elementor-element-80fa989 elementor-widget elementor-widget-text-editor\" data-id=\"80fa989\" data-element_type=\"widget\" data-widget_type=\"text-editor.default\">\n\t\t\t\t<div class=\"elementor-widget-container\">\n\t\t\t\t\t\t\t\t\t<h2>Como usar<\/h2>\t\t\t\t\t\t\t\t<\/div>\n\t\t\t\t<\/div>\n\t\t\t\t<div class=\"elementor-element elementor-element-4c5d531 elementor-widget elementor-widget-spacer\" data-id=\"4c5d531\" data-element_type=\"widget\" data-widget_type=\"spacer.default\">\n\t\t\t\t<div class=\"elementor-widget-container\">\n\t\t\t\t\t\t\t<div class=\"elementor-spacer\">\n\t\t\t<div class=\"elementor-spacer-inner\"><\/div>\n\t\t<\/div>\n\t\t\t\t\t\t<\/div>\n\t\t\t\t<\/div>\n\t\t\t\t<div class=\"elementor-element elementor-element-003db1c elementor-widget elementor-widget-text-editor\" data-id=\"003db1c\" data-element_type=\"widget\" data-widget_type=\"text-editor.default\">\n\t\t\t\t<div class=\"elementor-widget-container\">\n\t\t\t\t\t\t\t\t\t<h3>Pesquisar<\/h3>\t\t\t\t\t\t\t\t<\/div>\n\t\t\t\t<\/div>\n\t\t\t\t<div class=\"elementor-element elementor-element-607efc1 elementor-widget elementor-widget-spacer\" data-id=\"607efc1\" data-element_type=\"widget\" data-widget_type=\"spacer.default\">\n\t\t\t\t<div class=\"elementor-widget-container\">\n\t\t\t\t\t\t\t<div class=\"elementor-spacer\">\n\t\t\t<div class=\"elementor-spacer-inner\"><\/div>\n\t\t<\/div>\n\t\t\t\t\t\t<\/div>\n\t\t\t\t<\/div>\n\t\t\t\t<div class=\"elementor-element elementor-element-1373561 elementor-widget elementor-widget-text-editor\" data-id=\"1373561\" data-element_type=\"widget\" data-widget_type=\"text-editor.default\">\n\t\t\t\t<div class=\"elementor-widget-container\">\n\t\t\t\t\t\t\t\t\t<p>Atrav\u00e9s dos v\u00e1rios filtros existentes pode efetuar pesquisas em fun\u00e7\u00e3o do registo de voz que melhor pode comunicar a sua mensagem.<\/p>\t\t\t\t\t\t\t\t<\/div>\n\t\t\t\t<\/div>\n\t\t\t\t<div class=\"elementor-element elementor-element-e587a1f elementor-widget elementor-widget-spacer\" data-id=\"e587a1f\" data-element_type=\"widget\" data-widget_type=\"spacer.default\">\n\t\t\t\t<div class=\"elementor-widget-container\">\n\t\t\t\t\t\t\t<div class=\"elementor-spacer\">\n\t\t\t<div class=\"elementor-spacer-inner\"><\/div>\n\t\t<\/div>\n\t\t\t\t\t\t<\/div>\n\t\t\t\t<\/div>\n\t\t\t\t<div class=\"elementor-element elementor-element-bced980 elementor-widget elementor-widget-text-editor\" data-id=\"bced980\" data-element_type=\"widget\" data-widget_type=\"text-editor.default\">\n\t\t\t\t<div class=\"elementor-widget-container\">\n\t\t\t\t\t\t\t\t\t<h3>Projectos<\/h3>\t\t\t\t\t\t\t\t<\/div>\n\t\t\t\t<\/div>\n\t\t\t\t<div class=\"elementor-element elementor-element-0452444 elementor-widget elementor-widget-spacer\" data-id=\"0452444\" data-element_type=\"widget\" data-widget_type=\"spacer.default\">\n\t\t\t\t<div class=\"elementor-widget-container\">\n\t\t\t\t\t\t\t<div class=\"elementor-spacer\">\n\t\t\t<div class=\"elementor-spacer-inner\"><\/div>\n\t\t<\/div>\n\t\t\t\t\t\t<\/div>\n\t\t\t\t<\/div>\n\t\t\t\t<div class=\"elementor-element elementor-element-870ce0b elementor-widget elementor-widget-text-editor\" data-id=\"870ce0b\" data-element_type=\"widget\" data-widget_type=\"text-editor.default\">\n\t\t\t\t<div class=\"elementor-widget-container\">\n\t\t\t\t\t\t\t\t\t<p>Atrav\u00e9s dos v\u00e1rios filtros existentes pode efetuar pesquisas em fun\u00e7\u00e3o do registo de voz que melhor pode comunicar a sua mensagem.<\/p>\t\t\t\t\t\t\t\t<\/div>\n\t\t\t\t<\/div>\n\t\t\t\t<div class=\"elementor-element elementor-element-1e3d4bb elementor-widget elementor-widget-spacer\" data-id=\"1e3d4bb\" data-element_type=\"widget\" data-widget_type=\"spacer.default\">\n\t\t\t\t<div class=\"elementor-widget-container\">\n\t\t\t\t\t\t\t<div class=\"elementor-spacer\">\n\t\t\t<div class=\"elementor-spacer-inner\"><\/div>\n\t\t<\/div>\n\t\t\t\t\t\t<\/div>\n\t\t\t\t<\/div>\n\t\t\t\t<div class=\"elementor-element elementor-element-219d23d elementor-widget elementor-widget-text-editor\" data-id=\"219d23d\" data-element_type=\"widget\" data-widget_type=\"text-editor.default\">\n\t\t\t\t<div class=\"elementor-widget-container\">\n\t\t\t\t\t\t\t\t\t<h3>Enviar<\/h3>\t\t\t\t\t\t\t\t<\/div>\n\t\t\t\t<\/div>\n\t\t\t\t<div class=\"elementor-element elementor-element-cc652ef elementor-widget elementor-widget-spacer\" data-id=\"cc652ef\" data-element_type=\"widget\" data-widget_type=\"spacer.default\">\n\t\t\t\t<div class=\"elementor-widget-container\">\n\t\t\t\t\t\t\t<div class=\"elementor-spacer\">\n\t\t\t<div class=\"elementor-spacer-inner\"><\/div>\n\t\t<\/div>\n\t\t\t\t\t\t<\/div>\n\t\t\t\t<\/div>\n\t\t\t\t<div class=\"elementor-element elementor-element-b3859cd elementor-widget elementor-widget-text-editor\" data-id=\"b3859cd\" data-element_type=\"widget\" data-widget_type=\"text-editor.default\">\n\t\t\t\t<div class=\"elementor-widget-container\">\n\t\t\t\t\t\t\t\t\t<p>Ao selecionar a op\u00e7\u00e3o \u201cenviar\u201d, ser\u00e1 contactado pela nossa equipa de produ\u00e7\u00e3o, para rapidamente dar sequ\u00eancia ao seu pedido.<\/p>\t\t\t\t\t\t\t\t<\/div>\n\t\t\t\t<\/div>\n\t\t\t\t\t<\/div>\n\t\t<\/div>\n\t\t\t\t<div class=\"elementor-column elementor-col-50 elementor-top-column elementor-element elementor-element-6882d6f\" data-id=\"6882d6f\" data-element_type=\"column\">\n\t\t\t<div class=\"elementor-widget-wrap elementor-element-populated\">\n\t\t\t\t\t\t<div class=\"elementor-element elementor-element-526b49c elementor-widget elementor-widget-shortcode\" data-id=\"526b49c\" data-element_type=\"widget\" data-widget_type=\"shortcode.default\">\n\t\t\t\t<div class=\"elementor-widget-container\">\n\t\t\t\t\t\t\t<div class=\"elementor-shortcode\"><iframe border=\"0\" class=\"shortcode_iframe\" src=\"https:\/\/digitalazul.pt\/vbank\/app\/index.html\" width=\"100%\" height=\"560px\"><\/iframe><\/div>\n\t\t\t\t\t\t<\/div>\n\t\t\t\t<\/div>\n\t\t\t\t\t<\/div>\n\t\t<\/div>\n\t\t\t\t\t<\/div>\n\t\t<\/section>\n\t\t\t\t<section class=\"elementor-section elementor-top-section elementor-element elementor-element-7d1fe64 elementor-section-boxed elementor-section-height-default elementor-section-height-default\" data-id=\"7d1fe64\" data-element_type=\"section\" data-settings=\"{&quot;background_background&quot;:&quot;classic&quot;,&quot;jet_parallax_layout_list&quot;:[]}\">\n\t\t\t\t\t\t<div class=\"elementor-container elementor-column-gap-default\">\n\t\t\t\t\t<div class=\"elementor-column elementor-col-100 elementor-top-column elementor-element elementor-element-a993e79\" data-id=\"a993e79\" data-element_type=\"column\">\n\t\t\t<div class=\"elementor-widget-wrap elementor-element-populated\">\n\t\t\t\t\t\t<div class=\"elementor-element elementor-element-fb2f958 elementor-widget elementor-widget-spacer\" data-id=\"fb2f958\" data-element_type=\"widget\" data-widget_type=\"spacer.default\">\n\t\t\t\t<div class=\"elementor-widget-container\">\n\t\t\t\t\t\t\t<div class=\"elementor-spacer\">\n\t\t\t<div class=\"elementor-spacer-inner\"><\/div>\n\t\t<\/div>\n\t\t\t\t\t\t<\/div>\n\t\t\t\t<\/div>\n\t\t\t\t<div class=\"elementor-element elementor-element-26fd938 elementor-widget elementor-widget-text-editor\" data-id=\"26fd938\" data-element_type=\"widget\" data-widget_type=\"text-editor.default\">\n\t\t\t\t<div class=\"elementor-widget-container\">\n\t\t\t\t\t\t\t\t\t<h2 style=\"text-align: center;\"><span style=\"color: #00ffff;\">Outros registos de voz<\/span><\/h2>\t\t\t\t\t\t\t\t<\/div>\n\t\t\t\t<\/div>\n\t\t\t\t<div class=\"elementor-element elementor-element-f7b0d01 elementor-widget elementor-widget-spacer\" data-id=\"f7b0d01\" data-element_type=\"widget\" data-widget_type=\"spacer.default\">\n\t\t\t\t<div class=\"elementor-widget-container\">\n\t\t\t\t\t\t\t<div class=\"elementor-spacer\">\n\t\t\t<div class=\"elementor-spacer-inner\"><\/div>\n\t\t<\/div>\n\t\t\t\t\t\t<\/div>\n\t\t\t\t<\/div>\n\t\t\t\t<div class=\"elementor-element elementor-element-499356e elementor-widget elementor-widget-text-editor\" data-id=\"499356e\" data-element_type=\"widget\" data-widget_type=\"text-editor.default\">\n\t\t\t\t<div class=\"elementor-widget-container\">\n\t\t\t\t\t\t\t\t\t<p style=\"text-align: center;\"><span style=\"color: #ffffff;\">Caso o registo de voz que procura seja muito espec\u00edfico e n\u00e3o o encontre nesta app, dispomos de um servi\u00e7o de casting que lhe permitir\u00e1 certamente encontrar o registo de voz que necessita.<\/span><\/p>\t\t\t\t\t\t\t\t<\/div>\n\t\t\t\t<\/div>\n\t\t\t\t<div class=\"elementor-element elementor-element-f28936b elementor-widget elementor-widget-spacer\" data-id=\"f28936b\" data-element_type=\"widget\" data-widget_type=\"spacer.default\">\n\t\t\t\t<div class=\"elementor-widget-container\">\n\t\t\t\t\t\t\t<div class=\"elementor-spacer\">\n\t\t\t<div class=\"elementor-spacer-inner\"><\/div>\n\t\t<\/div>\n\t\t\t\t\t\t<\/div>\n\t\t\t\t<\/div>\n\t\t\t\t<div class=\"elementor-element elementor-element-385ea89 elementor-widget elementor-widget-text-editor\" data-id=\"385ea89\" data-element_type=\"widget\" data-widget_type=\"text-editor.default\">\n\t\t\t\t<div class=\"elementor-widget-container\">\n\t\t\t\t\t\t\t\t\t<h3 style=\"text-align: center;\"><span style=\"color: #ffffff;\">Contacte-nos<\/span><\/h3>\t\t\t\t\t\t\t\t<\/div>\n\t\t\t\t<\/div>\n\t\t\t\t<div class=\"elementor-element elementor-element-cb2ac79 elementor-widget elementor-widget-spacer\" data-id=\"cb2ac79\" data-element_type=\"widget\" data-widget_type=\"spacer.default\">\n\t\t\t\t<div class=\"elementor-widget-container\">\n\t\t\t\t\t\t\t<div class=\"elementor-spacer\">\n\t\t\t<div class=\"elementor-spacer-inner\"><\/div>\n\t\t<\/div>\n\t\t\t\t\t\t<\/div>\n\t\t\t\t<\/div>\n\t\t\t\t<div class=\"elementor-element elementor-element-55d148c elementor-widget elementor-widget-text-editor\" data-id=\"55d148c\" data-element_type=\"widget\" data-widget_type=\"text-editor.default\">\n\t\t\t\t<div class=\"elementor-widget-container\">\n\t\t\t\t\t\t\t\t\t<p style=\"text-align: center;\"><span style=\"color: #ffffff;\"><a style=\"color: #ffffff;\" href=\"tel:\/\/+351218497537\">+351 218 497 537<\/a> | <a style=\"color: #ffffff;\" href=\"tel:\/\/+351962141473\">+351 962 141 473<\/a><\/span><\/p><p style=\"text-align: center;\"><span style=\"color: #ffffff;\"><a style=\"color: #ffffff;\" href=\"mailto:geral@digitalazul.pt\">geral@digitalazul.pt<\/a><\/span><\/p>\t\t\t\t\t\t\t\t<\/div>\n\t\t\t\t<\/div>\n\t\t\t\t<div class=\"elementor-element elementor-element-abd9ec9 elementor-widget elementor-widget-spacer\" data-id=\"abd9ec9\" data-element_type=\"widget\" data-widget_type=\"spacer.default\">\n\t\t\t\t<div class=\"elementor-widget-container\">\n\t\t\t\t\t\t\t<div class=\"elementor-spacer\">\n\t\t\t<div class=\"elementor-spacer-inner\"><\/div>\n\t\t<\/div>\n\t\t\t\t\t\t<\/div>\n\t\t\t\t<\/div>\n\t\t\t\t\t<\/div>\n\t\t<\/div>\n\t\t\t\t\t<\/div>\n\t\t<\/section>\n\t\t\t\t<\/div>\n\t\t","protected":false},"excerpt":{"rendered":"<p>Damos voz \u00e0 sua mensagem e gravamo-la no tom certo Banco de Voz Qualquer registo de voz deve ter a frequ\u00eancia, a intensidade e o timbre que reflictam a personalidade das palavras e o potencial interpretativo da mensagem. O Voice Bank da Digital Azul re\u00fane numa s\u00f3 aplica\u00e7\u00e3o dezenas de vozes, actualizadas regularmente, conjugadas com [&hellip;]<\/p>\n","protected":false},"author":1,"featured_media":0,"parent":2070,"menu_order":22,"comment_status":"closed","ping_status":"closed","template":"","meta":{"footnotes":""},"class_list":["post-2567","page","type-page","status-publish","hentry"],"yoast_head":"<!-- This site is optimized with the Yoast SEO plugin v24.0 - https:\/\/yoast.com\/wordpress\/plugins\/seo\/ -->\n<title>Banco de Voz | Digital Azul<\/title>\n<meta name=\"robots\" content=\"index, follow, max-snippet:-1, max-image-preview:large, max-video-preview:-1\" \/>\n<link rel=\"canonical\" href=\"https:\/\/digitalazul.pt\/pt-pt\/sound-studios\/banco-de-voz\/\" \/>\n<meta property=\"og:locale\" content=\"pt_PT\" \/>\n<meta property=\"og:type\" content=\"article\" \/>\n<meta property=\"og:title\" content=\"Banco de Voz | Digital Azul\" \/>\n<meta property=\"og:description\" content=\"Damos voz \u00e0 sua mensagem e gravamo-la no tom certo Banco de Voz Qualquer registo de voz deve ter a frequ\u00eancia, a intensidade e o timbre que reflictam a personalidade das palavras e o potencial interpretativo da mensagem. O Voice Bank da Digital Azul re\u00fane numa s\u00f3 aplica\u00e7\u00e3o dezenas de vozes, actualizadas regularmente, conjugadas com [&hellip;]\" \/>\n<meta property=\"og:url\" content=\"https:\/\/digitalazul.pt\/pt-pt\/sound-studios\/banco-de-voz\/\" \/>\n<meta property=\"og:site_name\" content=\"Digital Azul\" \/>\n<meta property=\"article:publisher\" content=\"https:\/\/www.facebook.com\/DigitalAzul\/\" \/>\n<meta property=\"article:modified_time\" content=\"2021-12-22T10:44:55+00:00\" \/>\n<meta name=\"twitter:card\" content=\"summary_large_image\" \/>\n<meta name=\"twitter:label1\" content=\"Tempo estimado de leitura\" \/>\n\t<meta name=\"twitter:data1\" content=\"1 minuto\" \/>\n<script type=\"application\/ld+json\" class=\"yoast-schema-graph\">{\"@context\":\"https:\/\/schema.org\",\"@graph\":[{\"@type\":\"WebPage\",\"@id\":\"https:\/\/digitalazul.pt\/pt-pt\/sound-studios\/banco-de-voz\/\",\"url\":\"https:\/\/digitalazul.pt\/pt-pt\/sound-studios\/banco-de-voz\/\",\"name\":\"Banco de Voz | Digital Azul\",\"isPartOf\":{\"@id\":\"https:\/\/digitalazul.pt\/pt-pt\/#website\"},\"datePublished\":\"2019-04-07T23:12:39+00:00\",\"dateModified\":\"2021-12-22T10:44:55+00:00\",\"breadcrumb\":{\"@id\":\"https:\/\/digitalazul.pt\/pt-pt\/sound-studios\/banco-de-voz\/#breadcrumb\"},\"inLanguage\":\"pt-PT\",\"potentialAction\":[{\"@type\":\"ReadAction\",\"target\":[\"https:\/\/digitalazul.pt\/pt-pt\/sound-studios\/banco-de-voz\/\"]}]},{\"@type\":\"BreadcrumbList\",\"@id\":\"https:\/\/digitalazul.pt\/pt-pt\/sound-studios\/banco-de-voz\/#breadcrumb\",\"itemListElement\":[{\"@type\":\"ListItem\",\"position\":1,\"name\":\"Home\",\"item\":\"https:\/\/digitalazul.pt\/pt-pt\/\"},{\"@type\":\"ListItem\",\"position\":2,\"name\":\"Est\u00fadios de \u00c1udio\",\"item\":\"https:\/\/digitalazul.pt\/pt-pt\/sound-studios\/\"},{\"@type\":\"ListItem\",\"position\":3,\"name\":\"Banco de Voz\"}]},{\"@type\":\"WebSite\",\"@id\":\"https:\/\/digitalazul.pt\/pt-pt\/#website\",\"url\":\"https:\/\/digitalazul.pt\/pt-pt\/\",\"name\":\"Digital Azul\",\"description\":\"Audiovisual Production &amp; Live Streaming\",\"publisher\":{\"@id\":\"https:\/\/digitalazul.pt\/pt-pt\/#organization\"},\"potentialAction\":[{\"@type\":\"SearchAction\",\"target\":{\"@type\":\"EntryPoint\",\"urlTemplate\":\"https:\/\/digitalazul.pt\/pt-pt\/?s={search_term_string}\"},\"query-input\":{\"@type\":\"PropertyValueSpecification\",\"valueRequired\":true,\"valueName\":\"search_term_string\"}}],\"inLanguage\":\"pt-PT\"},{\"@type\":\"Organization\",\"@id\":\"https:\/\/digitalazul.pt\/pt-pt\/#organization\",\"name\":\"Digital Azul - Audiovisuais, Lda\",\"url\":\"https:\/\/digitalazul.pt\/pt-pt\/\",\"logo\":{\"@type\":\"ImageObject\",\"inLanguage\":\"pt-PT\",\"@id\":\"https:\/\/digitalazul.pt\/pt-pt\/#\/schema\/logo\/image\/\",\"url\":\"https:\/\/digitalazul.pt\/wp-content\/uploads\/2019\/05\/Logo_assinatura_Preto.png\",\"contentUrl\":\"https:\/\/digitalazul.pt\/wp-content\/uploads\/2019\/05\/Logo_assinatura_Preto.png\",\"width\":3408,\"height\":574,\"caption\":\"Digital Azul - Audiovisuais, Lda\"},\"image\":{\"@id\":\"https:\/\/digitalazul.pt\/pt-pt\/#\/schema\/logo\/image\/\"},\"sameAs\":[\"https:\/\/www.facebook.com\/DigitalAzul\/\",\"https:\/\/www.instagram.com\/digitalazul\/\",\"http:\/\/linkedin.com\/company\/digital-azul\",\"https:\/\/www.youtube.com\/user\/DigitalAzul\"]}]}<\/script>\n<!-- \/ Yoast SEO plugin. -->","yoast_head_json":{"title":"Banco de Voz | Digital Azul","robots":{"index":"index","follow":"follow","max-snippet":"max-snippet:-1","max-image-preview":"max-image-preview:large","max-video-preview":"max-video-preview:-1"},"canonical":"https:\/\/digitalazul.pt\/pt-pt\/sound-studios\/banco-de-voz\/","og_locale":"pt_PT","og_type":"article","og_title":"Banco de Voz | Digital Azul","og_description":"Damos voz \u00e0 sua mensagem e gravamo-la no tom certo Banco de Voz Qualquer registo de voz deve ter a frequ\u00eancia, a intensidade e o timbre que reflictam a personalidade das palavras e o potencial interpretativo da mensagem. O Voice Bank da Digital Azul re\u00fane numa s\u00f3 aplica\u00e7\u00e3o dezenas de vozes, actualizadas regularmente, conjugadas com [&hellip;]","og_url":"https:\/\/digitalazul.pt\/pt-pt\/sound-studios\/banco-de-voz\/","og_site_name":"Digital Azul","article_publisher":"https:\/\/www.facebook.com\/DigitalAzul\/","article_modified_time":"2021-12-22T10:44:55+00:00","twitter_card":"summary_large_image","twitter_misc":{"Tempo estimado de leitura":"1 minuto"},"schema":{"@context":"https:\/\/schema.org","@graph":[{"@type":"WebPage","@id":"https:\/\/digitalazul.pt\/pt-pt\/sound-studios\/banco-de-voz\/","url":"https:\/\/digitalazul.pt\/pt-pt\/sound-studios\/banco-de-voz\/","name":"Banco de Voz | Digital Azul","isPartOf":{"@id":"https:\/\/digitalazul.pt\/pt-pt\/#website"},"datePublished":"2019-04-07T23:12:39+00:00","dateModified":"2021-12-22T10:44:55+00:00","breadcrumb":{"@id":"https:\/\/digitalazul.pt\/pt-pt\/sound-studios\/banco-de-voz\/#breadcrumb"},"inLanguage":"pt-PT","potentialAction":[{"@type":"ReadAction","target":["https:\/\/digitalazul.pt\/pt-pt\/sound-studios\/banco-de-voz\/"]}]},{"@type":"BreadcrumbList","@id":"https:\/\/digitalazul.pt\/pt-pt\/sound-studios\/banco-de-voz\/#breadcrumb","itemListElement":[{"@type":"ListItem","position":1,"name":"Home","item":"https:\/\/digitalazul.pt\/pt-pt\/"},{"@type":"ListItem","position":2,"name":"Est\u00fadios de \u00c1udio","item":"https:\/\/digitalazul.pt\/pt-pt\/sound-studios\/"},{"@type":"ListItem","position":3,"name":"Banco de Voz"}]},{"@type":"WebSite","@id":"https:\/\/digitalazul.pt\/pt-pt\/#website","url":"https:\/\/digitalazul.pt\/pt-pt\/","name":"Digital Azul","description":"Audiovisual Production &amp; Live Streaming","publisher":{"@id":"https:\/\/digitalazul.pt\/pt-pt\/#organization"},"potentialAction":[{"@type":"SearchAction","target":{"@type":"EntryPoint","urlTemplate":"https:\/\/digitalazul.pt\/pt-pt\/?s={search_term_string}"},"query-input":{"@type":"PropertyValueSpecification","valueRequired":true,"valueName":"search_term_string"}}],"inLanguage":"pt-PT"},{"@type":"Organization","@id":"https:\/\/digitalazul.pt\/pt-pt\/#organization","name":"Digital Azul - Audiovisuais, Lda","url":"https:\/\/digitalazul.pt\/pt-pt\/","logo":{"@type":"ImageObject","inLanguage":"pt-PT","@id":"https:\/\/digitalazul.pt\/pt-pt\/#\/schema\/logo\/image\/","url":"https:\/\/digitalazul.pt\/wp-content\/uploads\/2019\/05\/Logo_assinatura_Preto.png","contentUrl":"https:\/\/digitalazul.pt\/wp-content\/uploads\/2019\/05\/Logo_assinatura_Preto.png","width":3408,"height":574,"caption":"Digital Azul - Audiovisuais, Lda"},"image":{"@id":"https:\/\/digitalazul.pt\/pt-pt\/#\/schema\/logo\/image\/"},"sameAs":["https:\/\/www.facebook.com\/DigitalAzul\/","https:\/\/www.instagram.com\/digitalazul\/","http:\/\/linkedin.com\/company\/digital-azul","https:\/\/www.youtube.com\/user\/DigitalAzul"]}]}},"_links":{"self":[{"href":"https:\/\/digitalazul.pt\/pt-pt\/wp-json\/wp\/v2\/pages\/2567","targetHints":{"allow":["GET"]}}],"collection":[{"href":"https:\/\/digitalazul.pt\/pt-pt\/wp-json\/wp\/v2\/pages"}],"about":[{"href":"https:\/\/digitalazul.pt\/pt-pt\/wp-json\/wp\/v2\/types\/page"}],"author":[{"embeddable":true,"href":"https:\/\/digitalazul.pt\/pt-pt\/wp-json\/wp\/v2\/users\/1"}],"replies":[{"embeddable":true,"href":"https:\/\/digitalazul.pt\/pt-pt\/wp-json\/wp\/v2\/comments?post=2567"}],"version-history":[{"count":1,"href":"https:\/\/digitalazul.pt\/pt-pt\/wp-json\/wp\/v2\/pages\/2567\/revisions"}],"predecessor-version":[{"id":5214,"href":"https:\/\/digitalazul.pt\/pt-pt\/wp-json\/wp\/v2\/pages\/2567\/revisions\/5214"}],"up":[{"embeddable":true,"href":"https:\/\/digitalazul.pt\/pt-pt\/wp-json\/wp\/v2\/pages\/2070"}],"wp:attachment":[{"href":"https:\/\/digitalazul.pt\/pt-pt\/wp-json\/wp\/v2\/media?parent=2567"}],"curies":[{"name":"wp","href":"https:\/\/api.w.org\/{rel}","templated":true}]}}