{"id":1024,"date":"2018-09-08T19:10:27","date_gmt":"2018-09-08T18:10:27","guid":{"rendered":"https:\/\/digitalazul.pt\/?page_id=1024"},"modified":"2024-12-17T17:15:15","modified_gmt":"2024-12-17T17:15:15","slug":"contactos","status":"publish","type":"page","link":"https:\/\/digitalazul.pt\/pt-pt\/contactos\/","title":{"rendered":"Contactos"},"content":{"rendered":"\t\t<div data-elementor-type=\"wp-post\" data-elementor-id=\"1024\" class=\"elementor elementor-1024 elementor-844\" data-elementor-post-type=\"page\">\n\t\t\t\t\t\t<section class=\"elementor-section elementor-top-section elementor-element elementor-element-17557b1 elementor-section-full_width elementor-section-height-default elementor-section-height-default\" data-id=\"17557b1\" data-element_type=\"section\" data-settings=\"{&quot;jet_parallax_layout_list&quot;:[{&quot;jet_parallax_layout_image&quot;:{&quot;url&quot;:&quot;&quot;,&quot;id&quot;:&quot;&quot;,&quot;size&quot;:&quot;&quot;},&quot;_id&quot;:&quot;65b4961&quot;,&quot;jet_parallax_layout_image_tablet&quot;:{&quot;url&quot;:&quot;&quot;,&quot;id&quot;:&quot;&quot;,&quot;size&quot;:&quot;&quot;},&quot;jet_parallax_layout_image_mobile&quot;:{&quot;url&quot;:&quot;&quot;,&quot;id&quot;:&quot;&quot;,&quot;size&quot;:&quot;&quot;},&quot;jet_parallax_layout_speed&quot;:{&quot;unit&quot;:&quot;%&quot;,&quot;size&quot;:50,&quot;sizes&quot;:[]},&quot;jet_parallax_layout_type&quot;:&quot;scroll&quot;,&quot;jet_parallax_layout_direction&quot;:null,&quot;jet_parallax_layout_fx_direction&quot;:null,&quot;jet_parallax_layout_z_index&quot;:&quot;&quot;,&quot;jet_parallax_layout_bg_x&quot;:50,&quot;jet_parallax_layout_bg_x_tablet&quot;:&quot;&quot;,&quot;jet_parallax_layout_bg_x_mobile&quot;:&quot;&quot;,&quot;jet_parallax_layout_bg_y&quot;:50,&quot;jet_parallax_layout_bg_y_tablet&quot;:&quot;&quot;,&quot;jet_parallax_layout_bg_y_mobile&quot;:&quot;&quot;,&quot;jet_parallax_layout_bg_size&quot;:&quot;auto&quot;,&quot;jet_parallax_layout_bg_size_tablet&quot;:&quot;&quot;,&quot;jet_parallax_layout_bg_size_mobile&quot;:&quot;&quot;,&quot;jet_parallax_layout_animation_prop&quot;:&quot;transform&quot;,&quot;jet_parallax_layout_on&quot;:[&quot;desktop&quot;,&quot;tablet&quot;]}]}\">\n\t\t\t\t\t\t<div class=\"elementor-container elementor-column-gap-no\">\n\t\t\t\t\t<div class=\"elementor-column elementor-col-100 elementor-top-column elementor-element elementor-element-e25adda\" data-id=\"e25adda\" data-element_type=\"column\">\n\t\t\t<div class=\"elementor-widget-wrap elementor-element-populated\">\n\t\t\t\t\t\t<div class=\"elementor-element elementor-element-f2990e5 elementor-widget elementor-widget-global elementor-global-12419 elementor-widget-spacer\" data-id=\"f2990e5\" data-element_type=\"widget\" data-widget_type=\"spacer.default\">\n\t\t\t\t<div class=\"elementor-widget-container\">\n\t\t\t\t\t\t\t<div class=\"elementor-spacer\">\n\t\t\t<div class=\"elementor-spacer-inner\"><\/div>\n\t\t<\/div>\n\t\t\t\t\t\t<\/div>\n\t\t\t\t<\/div>\n\t\t\t\t<div class=\"elementor-element elementor-element-35847c5 elementor-widget elementor-widget-shortcode\" data-id=\"35847c5\" data-element_type=\"widget\" data-widget_type=\"shortcode.default\">\n\t\t\t\t<div class=\"elementor-widget-container\">\n\t\t\t\t\t\t\t<div class=\"elementor-shortcode\"><style type=\"text\/css\" id=\"gmpMapStyles_1_98252\">\r\n\t#google_map_easy_1_98252 {\r\n        width: 100%;\r\n        height: 484px;\r\n\t\t\t\t\t\t    }\r\n\t#gmapControlsNum_1_98252 {\r\n\t\twidth:100%\t}\r\n\t.gmpMapDetailsContainer#gmpMapDetailsContainer_1_98252 {\r\n\t\theight:484px;\r\n\t}\r\n\t.gmp_MapPreview#google_map_easy_1_98252 {\r\n\t\t\/*position:absolute;*\/\r\n\t\twidth: 100%;\r\n\t}\r\n\t#mapConElem_1_98252{\r\n\t\twidth: 100%\t}\r\n    .gm-style .gm-style-iw-c{\r\n        padding: 12px!important;\r\n    }\r\n\t    <\/style>\r\n <div class=\"gmp_map_opts\" id=\"mapConElem_1_98252\" data-id=\"1\" data-view-id=\"1_98252\" > <div class=\"gmpMapDetailsContainer\" id=\"gmpMapDetailsContainer_1_98252\"> <i class=\"gmpKMLLayersPreloader fa fa-spinner fa-spin\" aria-hidden=\"true\" style=\"display: none;\"><\/i> <div class=\"gmp_MapPreview \" id=\"google_map_easy_1_98252\"><\/div> <\/div> <div class=\"gmpMapMarkerFilters\" id=\"gmpMapMarkerFilters_1_98252\"> <\/div> <div class=\"gmpMapProControlsCon\" id=\"gmpMapProControlsCon_1_98252\"> <a title=\"WordPress Google Maps Plugin\" style=\"display:none;\" href=\"https:\/\/supsystic.com\/plugins\/google-maps-plugin\/?utm_medium=love_link_hide\" target=\"_blank\">WordPress Google Maps Plugin<\/a><div style=\"clear: both;\"><\/div> <\/div> <div class=\"gmpMapProDirectionsCon\" id=\"gmpMapProDirectionsCon_1_98252\" > <\/div> <div class=\"gmpMapProKmlFilterCon\" id=\"gmpMapProKmlFilterCon_1_98252\" > <\/div> <div class=\"gmpSocialSharingShell gmpSocialSharingShell_1_98252\"> <\/div> <div style=\"clear: both;\"><\/div> <\/div> <\/div>\n\t\t\t\t\t\t<\/div>\n\t\t\t\t<\/div>\n\t\t\t\t\t<\/div>\n\t\t<\/div>\n\t\t\t\t\t<\/div>\n\t\t<\/section>\n\t\t\t\t<section class=\"elementor-section elementor-top-section elementor-element elementor-element-b7c15ea elementor-section-boxed elementor-section-height-default elementor-section-height-default\" data-id=\"b7c15ea\" data-element_type=\"section\" data-settings=\"{&quot;jet_parallax_layout_list&quot;:[{&quot;jet_parallax_layout_image&quot;:{&quot;url&quot;:&quot;&quot;,&quot;id&quot;:&quot;&quot;,&quot;size&quot;:&quot;&quot;},&quot;_id&quot;:&quot;1ee59dd&quot;,&quot;jet_parallax_layout_image_tablet&quot;:{&quot;url&quot;:&quot;&quot;,&quot;id&quot;:&quot;&quot;,&quot;size&quot;:&quot;&quot;},&quot;jet_parallax_layout_image_mobile&quot;:{&quot;url&quot;:&quot;&quot;,&quot;id&quot;:&quot;&quot;,&quot;size&quot;:&quot;&quot;},&quot;jet_parallax_layout_speed&quot;:{&quot;unit&quot;:&quot;%&quot;,&quot;size&quot;:50,&quot;sizes&quot;:[]},&quot;jet_parallax_layout_type&quot;:&quot;scroll&quot;,&quot;jet_parallax_layout_direction&quot;:null,&quot;jet_parallax_layout_fx_direction&quot;:null,&quot;jet_parallax_layout_z_index&quot;:&quot;&quot;,&quot;jet_parallax_layout_bg_x&quot;:50,&quot;jet_parallax_layout_bg_x_tablet&quot;:&quot;&quot;,&quot;jet_parallax_layout_bg_x_mobile&quot;:&quot;&quot;,&quot;jet_parallax_layout_bg_y&quot;:50,&quot;jet_parallax_layout_bg_y_tablet&quot;:&quot;&quot;,&quot;jet_parallax_layout_bg_y_mobile&quot;:&quot;&quot;,&quot;jet_parallax_layout_bg_size&quot;:&quot;auto&quot;,&quot;jet_parallax_layout_bg_size_tablet&quot;:&quot;&quot;,&quot;jet_parallax_layout_bg_size_mobile&quot;:&quot;&quot;,&quot;jet_parallax_layout_animation_prop&quot;:&quot;transform&quot;,&quot;jet_parallax_layout_on&quot;:[&quot;desktop&quot;,&quot;tablet&quot;]}]}\">\n\t\t\t\t\t\t<div class=\"elementor-container elementor-column-gap-default\">\n\t\t\t\t\t<div class=\"elementor-column elementor-col-50 elementor-top-column elementor-element elementor-element-87db366\" data-id=\"87db366\" data-element_type=\"column\">\n\t\t\t<div class=\"elementor-widget-wrap elementor-element-populated\">\n\t\t\t\t\t\t<div class=\"elementor-element elementor-element-ade5866 elementor-widget elementor-widget-text-editor\" data-id=\"ade5866\" data-element_type=\"widget\" data-widget_type=\"text-editor.default\">\n\t\t\t\t<div class=\"elementor-widget-container\">\n\t\t\t\t\t\t\t\t\t<p>Rua Vieira Lusitano 10A<br \/>1070-280 Campolide<br \/>Lisboa, Portugal<\/p><p><strong>T<\/strong>+351 218 497 537<br \/><strong>M<\/strong>+351 962 141 473<br \/><strong>E-mail &amp; Zoom:<\/strong> <a href=\"mailto:producao@digitalazul.pt\">producao@digitalazul.pt<\/a><br \/><strong>WhatsApp:<\/strong> +351 962 141 473<br \/><strong>Skype<\/strong>\u00a0producao_digital_azul<\/p><p><strong>Parqueamento<br \/><\/strong>Garagem Auto-Ceuta, Rua Vieira Lusitano 15A, 1\u20ac por hora<\/p><p><strong>Autocarro<br \/><\/strong>702, Marqu\u00eas Pombal &#8211; Serafina, Paragem: Cal\u00e7ada dos Mestres<\/p><p><span style=\"text-decoration: underline; color: #a3232c;\"><strong><a style=\"color: #a3232c; text-decoration: underline;\" href=\"https:\/\/digitalazul.pt\/wp-content\/uploads\/2018\/09\/digital_azul_mapa.pdf\" target=\"_blank\" rel=\"noopener\">Mapa e indica\u00e7\u00f5es em PDF<\/a><\/strong><\/span><\/p>\t\t\t\t\t\t\t\t<\/div>\n\t\t\t\t<\/div>\n\t\t\t\t\t<\/div>\n\t\t<\/div>\n\t\t\t\t<div class=\"elementor-column elementor-col-50 elementor-top-column elementor-element elementor-element-5d2812b\" data-id=\"5d2812b\" data-element_type=\"column\">\n\t\t\t<div class=\"elementor-widget-wrap elementor-element-populated\">\n\t\t\t\t\t\t<div class=\"elementor-element elementor-element-9b70614 elementor-widget elementor-widget-text-editor\" data-id=\"9b70614\" data-element_type=\"widget\" data-widget_type=\"text-editor.default\">\n\t\t\t\t<div class=\"elementor-widget-container\">\n\t\t\t\t\t\t\t\t\t<p>Para mais informa\u00e7\u00f5es utilize o seguinte formul\u00e1rio:<\/p>\t\t\t\t\t\t\t\t<\/div>\n\t\t\t\t<\/div>\n\t\t\t\t<div class=\"elementor-element elementor-element-b165156 elementor-widget elementor-widget-ws-form\" data-id=\"b165156\" data-element_type=\"widget\" data-widget_type=\"ws-form.default\">\n\t\t\t\t<div class=\"elementor-widget-container\">\n\t\t\t\t\t<form action=\"https:\/\/digitalazul.pt\/pt-pt\/wp-json\/ws-form\/v1\/submit\" class=\"wsf-form wsf-form-canvas\" id=\"ws-form-1\" data-id=\"2\" data-instance-id=\"1\" method=\"POST\"><\/form>\t\t\t\t<\/div>\n\t\t\t\t<\/div>\n\t\t\t\t\t<\/div>\n\t\t<\/div>\n\t\t\t\t\t<\/div>\n\t\t<\/section>\n\t\t\t\t<\/div>\n\t\t","protected":false},"excerpt":{"rendered":"<p>Rua Vieira Lusitano 10A1070-280 CampolideLisboa, Portugal T+351 218 497 537M+351 962 141 473E-mail &amp; Zoom: producao@digitalazul.ptWhatsApp: +351 962 141 473Skype\u00a0producao_digital_azul ParqueamentoGaragem Auto-Ceuta, Rua Vieira Lusitano 15A, 1\u20ac por hora Autocarro702, Marqu\u00eas Pombal &#8211; Serafina, Paragem: Cal\u00e7ada dos Mestres Mapa e indica\u00e7\u00f5es em PDF Para mais informa\u00e7\u00f5es utilize o seguinte formul\u00e1rio:<\/p>\n","protected":false},"author":1,"featured_media":0,"parent":0,"menu_order":28,"comment_status":"closed","ping_status":"closed","template":"","meta":{"footnotes":""},"class_list":["post-1024","page","type-page","status-publish","hentry"],"yoast_head":"<!-- This site is optimized with the Yoast SEO plugin v24.0 - https:\/\/yoast.com\/wordpress\/plugins\/seo\/ -->\n<title>Contactos | Digital Azul<\/title>\n<meta name=\"robots\" content=\"index, follow, max-snippet:-1, max-image-preview:large, max-video-preview:-1\" \/>\n<link rel=\"canonical\" href=\"https:\/\/digitalazul.pt\/pt-pt\/contactos\/\" \/>\n<meta property=\"og:locale\" content=\"pt_PT\" \/>\n<meta property=\"og:type\" content=\"article\" \/>\n<meta property=\"og:title\" content=\"Contactos | Digital Azul\" \/>\n<meta property=\"og:description\" content=\"Rua Vieira Lusitano 10A1070-280 CampolideLisboa, Portugal T+351 218 497 537M+351 962 141 473E-mail &amp; Zoom: producao@digitalazul.ptWhatsApp: +351 962 141 473Skype\u00a0producao_digital_azul ParqueamentoGaragem Auto-Ceuta, Rua Vieira Lusitano 15A, 1\u20ac por hora Autocarro702, Marqu\u00eas Pombal &#8211; Serafina, Paragem: Cal\u00e7ada dos Mestres Mapa e indica\u00e7\u00f5es em PDF Para mais informa\u00e7\u00f5es utilize o seguinte formul\u00e1rio:\" \/>\n<meta property=\"og:url\" content=\"https:\/\/digitalazul.pt\/pt-pt\/contactos\/\" \/>\n<meta property=\"og:site_name\" content=\"Digital Azul\" \/>\n<meta property=\"article:publisher\" content=\"https:\/\/www.facebook.com\/DigitalAzul\/\" \/>\n<meta property=\"article:modified_time\" content=\"2024-12-17T17:15:15+00:00\" \/>\n<meta name=\"twitter:card\" content=\"summary_large_image\" \/>\n<meta name=\"twitter:label1\" content=\"Tempo estimado de leitura\" \/>\n\t<meta name=\"twitter:data1\" content=\"1 minuto\" \/>\n<script type=\"application\/ld+json\" class=\"yoast-schema-graph\">{\"@context\":\"https:\/\/schema.org\",\"@graph\":[{\"@type\":\"WebPage\",\"@id\":\"https:\/\/digitalazul.pt\/pt-pt\/contactos\/\",\"url\":\"https:\/\/digitalazul.pt\/pt-pt\/contactos\/\",\"name\":\"Contactos | Digital Azul\",\"isPartOf\":{\"@id\":\"https:\/\/digitalazul.pt\/pt-pt\/#website\"},\"datePublished\":\"2018-09-08T18:10:27+00:00\",\"dateModified\":\"2024-12-17T17:15:15+00:00\",\"breadcrumb\":{\"@id\":\"https:\/\/digitalazul.pt\/pt-pt\/contactos\/#breadcrumb\"},\"inLanguage\":\"pt-PT\",\"potentialAction\":[{\"@type\":\"ReadAction\",\"target\":[\"https:\/\/digitalazul.pt\/pt-pt\/contactos\/\"]}]},{\"@type\":\"BreadcrumbList\",\"@id\":\"https:\/\/digitalazul.pt\/pt-pt\/contactos\/#breadcrumb\",\"itemListElement\":[{\"@type\":\"ListItem\",\"position\":1,\"name\":\"Home\",\"item\":\"https:\/\/digitalazul.pt\/pt-pt\/\"},{\"@type\":\"ListItem\",\"position\":2,\"name\":\"Contactos\"}]},{\"@type\":\"WebSite\",\"@id\":\"https:\/\/digitalazul.pt\/pt-pt\/#website\",\"url\":\"https:\/\/digitalazul.pt\/pt-pt\/\",\"name\":\"Digital Azul\",\"description\":\"Audiovisual Production &amp; Live Streaming\",\"publisher\":{\"@id\":\"https:\/\/digitalazul.pt\/pt-pt\/#organization\"},\"potentialAction\":[{\"@type\":\"SearchAction\",\"target\":{\"@type\":\"EntryPoint\",\"urlTemplate\":\"https:\/\/digitalazul.pt\/pt-pt\/?s={search_term_string}\"},\"query-input\":{\"@type\":\"PropertyValueSpecification\",\"valueRequired\":true,\"valueName\":\"search_term_string\"}}],\"inLanguage\":\"pt-PT\"},{\"@type\":\"Organization\",\"@id\":\"https:\/\/digitalazul.pt\/pt-pt\/#organization\",\"name\":\"Digital Azul - Audiovisuais, Lda\",\"url\":\"https:\/\/digitalazul.pt\/pt-pt\/\",\"logo\":{\"@type\":\"ImageObject\",\"inLanguage\":\"pt-PT\",\"@id\":\"https:\/\/digitalazul.pt\/pt-pt\/#\/schema\/logo\/image\/\",\"url\":\"https:\/\/digitalazul.pt\/wp-content\/uploads\/2019\/05\/Logo_assinatura_Preto.png\",\"contentUrl\":\"https:\/\/digitalazul.pt\/wp-content\/uploads\/2019\/05\/Logo_assinatura_Preto.png\",\"width\":3408,\"height\":574,\"caption\":\"Digital Azul - Audiovisuais, Lda\"},\"image\":{\"@id\":\"https:\/\/digitalazul.pt\/pt-pt\/#\/schema\/logo\/image\/\"},\"sameAs\":[\"https:\/\/www.facebook.com\/DigitalAzul\/\",\"https:\/\/www.instagram.com\/digitalazul\/\",\"http:\/\/linkedin.com\/company\/digital-azul\",\"https:\/\/www.youtube.com\/user\/DigitalAzul\"]}]}<\/script>\n<!-- \/ Yoast SEO plugin. -->","yoast_head_json":{"title":"Contactos | Digital Azul","robots":{"index":"index","follow":"follow","max-snippet":"max-snippet:-1","max-image-preview":"max-image-preview:large","max-video-preview":"max-video-preview:-1"},"canonical":"https:\/\/digitalazul.pt\/pt-pt\/contactos\/","og_locale":"pt_PT","og_type":"article","og_title":"Contactos | Digital Azul","og_description":"Rua Vieira Lusitano 10A1070-280 CampolideLisboa, Portugal T+351 218 497 537M+351 962 141 473E-mail &amp; Zoom: producao@digitalazul.ptWhatsApp: +351 962 141 473Skype\u00a0producao_digital_azul ParqueamentoGaragem Auto-Ceuta, Rua Vieira Lusitano 15A, 1\u20ac por hora Autocarro702, Marqu\u00eas Pombal &#8211; Serafina, Paragem: Cal\u00e7ada dos Mestres Mapa e indica\u00e7\u00f5es em PDF Para mais informa\u00e7\u00f5es utilize o seguinte formul\u00e1rio:","og_url":"https:\/\/digitalazul.pt\/pt-pt\/contactos\/","og_site_name":"Digital Azul","article_publisher":"https:\/\/www.facebook.com\/DigitalAzul\/","article_modified_time":"2024-12-17T17:15:15+00:00","twitter_card":"summary_large_image","twitter_misc":{"Tempo estimado de leitura":"1 minuto"},"schema":{"@context":"https:\/\/schema.org","@graph":[{"@type":"WebPage","@id":"https:\/\/digitalazul.pt\/pt-pt\/contactos\/","url":"https:\/\/digitalazul.pt\/pt-pt\/contactos\/","name":"Contactos | Digital Azul","isPartOf":{"@id":"https:\/\/digitalazul.pt\/pt-pt\/#website"},"datePublished":"2018-09-08T18:10:27+00:00","dateModified":"2024-12-17T17:15:15+00:00","breadcrumb":{"@id":"https:\/\/digitalazul.pt\/pt-pt\/contactos\/#breadcrumb"},"inLanguage":"pt-PT","potentialAction":[{"@type":"ReadAction","target":["https:\/\/digitalazul.pt\/pt-pt\/contactos\/"]}]},{"@type":"BreadcrumbList","@id":"https:\/\/digitalazul.pt\/pt-pt\/contactos\/#breadcrumb","itemListElement":[{"@type":"ListItem","position":1,"name":"Home","item":"https:\/\/digitalazul.pt\/pt-pt\/"},{"@type":"ListItem","position":2,"name":"Contactos"}]},{"@type":"WebSite","@id":"https:\/\/digitalazul.pt\/pt-pt\/#website","url":"https:\/\/digitalazul.pt\/pt-pt\/","name":"Digital Azul","description":"Audiovisual Production &amp; Live Streaming","publisher":{"@id":"https:\/\/digitalazul.pt\/pt-pt\/#organization"},"potentialAction":[{"@type":"SearchAction","target":{"@type":"EntryPoint","urlTemplate":"https:\/\/digitalazul.pt\/pt-pt\/?s={search_term_string}"},"query-input":{"@type":"PropertyValueSpecification","valueRequired":true,"valueName":"search_term_string"}}],"inLanguage":"pt-PT"},{"@type":"Organization","@id":"https:\/\/digitalazul.pt\/pt-pt\/#organization","name":"Digital Azul - Audiovisuais, Lda","url":"https:\/\/digitalazul.pt\/pt-pt\/","logo":{"@type":"ImageObject","inLanguage":"pt-PT","@id":"https:\/\/digitalazul.pt\/pt-pt\/#\/schema\/logo\/image\/","url":"https:\/\/digitalazul.pt\/wp-content\/uploads\/2019\/05\/Logo_assinatura_Preto.png","contentUrl":"https:\/\/digitalazul.pt\/wp-content\/uploads\/2019\/05\/Logo_assinatura_Preto.png","width":3408,"height":574,"caption":"Digital Azul - Audiovisuais, Lda"},"image":{"@id":"https:\/\/digitalazul.pt\/pt-pt\/#\/schema\/logo\/image\/"},"sameAs":["https:\/\/www.facebook.com\/DigitalAzul\/","https:\/\/www.instagram.com\/digitalazul\/","http:\/\/linkedin.com\/company\/digital-azul","https:\/\/www.youtube.com\/user\/DigitalAzul"]}]}},"_links":{"self":[{"href":"https:\/\/digitalazul.pt\/pt-pt\/wp-json\/wp\/v2\/pages\/1024","targetHints":{"allow":["GET"]}}],"collection":[{"href":"https:\/\/digitalazul.pt\/pt-pt\/wp-json\/wp\/v2\/pages"}],"about":[{"href":"https:\/\/digitalazul.pt\/pt-pt\/wp-json\/wp\/v2\/types\/page"}],"author":[{"embeddable":true,"href":"https:\/\/digitalazul.pt\/pt-pt\/wp-json\/wp\/v2\/users\/1"}],"replies":[{"embeddable":true,"href":"https:\/\/digitalazul.pt\/pt-pt\/wp-json\/wp\/v2\/comments?post=1024"}],"version-history":[{"count":16,"href":"https:\/\/digitalazul.pt\/pt-pt\/wp-json\/wp\/v2\/pages\/1024\/revisions"}],"predecessor-version":[{"id":18930,"href":"https:\/\/digitalazul.pt\/pt-pt\/wp-json\/wp\/v2\/pages\/1024\/revisions\/18930"}],"wp:attachment":[{"href":"https:\/\/digitalazul.pt\/pt-pt\/wp-json\/wp\/v2\/media?parent=1024"}],"curies":[{"name":"wp","href":"https:\/\/api.w.org\/{rel}","templated":true}]}}